{"id":237,"date":"2021-11-28T21:17:29","date_gmt":"2021-11-28T21:17:29","guid":{"rendered":"http:\/\/svsempach.ch\/?page_id=237"},"modified":"2025-04-14T12:27:17","modified_gmt":"2025-04-14T12:27:17","slug":"ehrenmitglieder","status":"publish","type":"page","link":"https:\/\/svsempach.ch\/?page_id=237","title":{"rendered":"Ehrenmitglieder"},"content":{"rendered":"\n<h2 class=\"wp-block-heading\">Unsere Ehrenmitglieder<\/h2>\n\n\n\n<p><br>Aregger Maria, B\u00fcelmatt 10, 6204 Sempach<br>Balsemin Erika, Felsenegg 13, 6204 Sempach<br>Bienz Sandra, alte Grenzstr. 3b, 6204 Sempach<br>B\u00fchlmann Martha, Oberstadt 7, 6204 Sempach<br>Burch Monika, Felsenegg 12, 6204 Sempach<br>Erni Greth, Hubelstr. 36, 6204 Sempach<br>H\u00e4fliger Bernadette, Sonnhubel 6, 6204 Sempach<br>L\u00f6tscher Brigitte, Schauensee 26, 6204 Sempach<br>Murer Marie-Therese, Muriweid 8, 6207 Nottwil<br>R\u00fcttimann Margrith, Feld 3, 6204 Sempach<br>Schlegel Monika, Mattweid 11, 6204 Sempach<br>von Dach Edith, alte Grenzstr. 17, 6204 Sempach<br>Zosso Margrith, Lippenr\u00fctipark 2, 6206 Neuenkirch<br><\/p>\n\n\n\n<h2 class=\"wp-block-heading\">Aktivit\u00e4ten<\/h2>\n\n\n\n<p><strong>N\u00e4chster Ausflug: Freitag 29. Mai 2026<\/strong><br><\/p>\n\n\n\n<h2 class=\"wp-block-heading\"><strong>Ehrenmitglieder-Ausflug vom 11. April 2025<\/strong><\/h2>\n\n\n\n<p>Eine gelungene Kombination aus Nutzung des \u00d6V, Wandern und Essen. So l\u00e4sst sich unser diesj\u00e4hrige Ausflug gut zusammen fassen.<\/p>\n\n\n\n<p>Nach Ankunft in Hausen am Albis und einem kleinen Abstecher zur ehemaligen Seidenfabrik Weisbrod-Z\u00fcrrer schlagen wir den Weg Richtung Kappel am Albis ein. Unterwegs treffen wir bei den <em>N\u00e4fenh\u00e4user<\/em> auf das Zwingli-Denkmal, welches an den 1531 in der zweiten Kappelerschlacht gefallenen Huldrych Zwingli erinnert.<\/p>\n\n\n\n<p>Im Kloster Kappel geniessen wir unseren Imbiss auf der Terrasse neben der sch\u00f6nen Gartenanlage. Bei der Kirchenbesichtigung bringen uns die \u00abGlobi\u00bb-Fresken (eigentlich Helmzier der Familie Gessler) an der Decke einer Seitenkapelle zum Schmunzeln!<\/p>\n\n\n\n<p>Weiter geht es zu Fuss und mit dem Postauto nach Baar zur ehemaligen Spinnerei an der Lorze. Vorbei an den <em>H\u00f6llh\u00e4user<\/em> gelangen wir zum Fuss des <em>Schlaufenstegs<\/em>. Bevor wir dessen 265 Treppenstufen in Angriff nehmen, stossen wir auf das gelungene Treffen an. Herzlichen Dank an Benny\u2019s Tochter Manuela, welche f\u00fcr uns den Ap\u00e9ro organisiert hat.<\/p>\n\n\n\n<p>Ausgangs Schlaufensteg erwartet uns ein toller Blick \u00fcber Baar hinaus auf den Zugersee.<\/p>\n\n\n\n<p>Das abschliessende Nachtessen im Restaurant Hofgarten in Luzern rundete einen erlebnisreichen Tag bei bestem Wetter ab.<\/p>\n\n\n\n<p>Wir sind sicher, dass der <strong>n\u00e4chste Ausflug am Freitag 29. Mai 2026<\/strong> unter der Organisation von Margrith und Marie-Theres ebenso spannend wird!<\/p>\n\n\n\n<figure class=\"wp-block-image size-large is-resized\"><img loading=\"lazy\" decoding=\"async\" width=\"1024\" height=\"1012\" src=\"https:\/\/svsempach.ch\/wp-content\/uploads\/2025\/04\/WhatsApp-Image-2025-04-12-at-11.40.21-6-1024x1012.jpeg\" alt=\"\" class=\"wp-image-1558\" style=\"width:513px;height:auto\" srcset=\"https:\/\/svsempach.ch\/wp-content\/uploads\/2025\/04\/WhatsApp-Image-2025-04-12-at-11.40.21-6-1024x1012.jpeg 1024w, https:\/\/svsempach.ch\/wp-content\/uploads\/2025\/04\/WhatsApp-Image-2025-04-12-at-11.40.21-6-300x296.jpeg 300w, https:\/\/svsempach.ch\/wp-content\/uploads\/2025\/04\/WhatsApp-Image-2025-04-12-at-11.40.21-6-768x759.jpeg 768w, https:\/\/svsempach.ch\/wp-content\/uploads\/2025\/04\/WhatsApp-Image-2025-04-12-at-11.40.21-6-1536x1517.jpeg 1536w, https:\/\/svsempach.ch\/wp-content\/uploads\/2025\/04\/WhatsApp-Image-2025-04-12-at-11.40.21-6-100x100.jpeg 100w, https:\/\/svsempach.ch\/wp-content\/uploads\/2025\/04\/WhatsApp-Image-2025-04-12-at-11.40.21-6.jpeg 2048w\" sizes=\"auto, (max-width: 706px) 89vw, (max-width: 767px) 82vw, 740px\" \/><\/figure>\n\n\n\n<figure class=\"wp-block-image size-large is-resized\"><img loading=\"lazy\" decoding=\"async\" width=\"768\" height=\"1024\" src=\"https:\/\/svsempach.ch\/wp-content\/uploads\/2025\/04\/WhatsApp-Image-2025-04-12-at-11.40.21-8-768x1024.jpeg\" alt=\"\" class=\"wp-image-1559\" style=\"width:429px;height:auto\" srcset=\"https:\/\/svsempach.ch\/wp-content\/uploads\/2025\/04\/WhatsApp-Image-2025-04-12-at-11.40.21-8-768x1024.jpeg 768w, https:\/\/svsempach.ch\/wp-content\/uploads\/2025\/04\/WhatsApp-Image-2025-04-12-at-11.40.21-8-225x300.jpeg 225w, https:\/\/svsempach.ch\/wp-content\/uploads\/2025\/04\/WhatsApp-Image-2025-04-12-at-11.40.21-8-1152x1536.jpeg 1152w, https:\/\/svsempach.ch\/wp-content\/uploads\/2025\/04\/WhatsApp-Image-2025-04-12-at-11.40.21-8.jpeg 1536w\" sizes=\"auto, (max-width: 706px) 89vw, (max-width: 767px) 82vw, 740px\" \/><\/figure>\n\n\n\n<figure class=\"wp-block-image size-large is-resized\"><img loading=\"lazy\" decoding=\"async\" width=\"768\" height=\"1024\" src=\"https:\/\/svsempach.ch\/wp-content\/uploads\/2025\/04\/WhatsApp-Image-2025-04-12-at-11.40.21-9-768x1024.jpeg\" alt=\"\" class=\"wp-image-1560\" style=\"width:500px;height:auto\" srcset=\"https:\/\/svsempach.ch\/wp-content\/uploads\/2025\/04\/WhatsApp-Image-2025-04-12-at-11.40.21-9-768x1024.jpeg 768w, https:\/\/svsempach.ch\/wp-content\/uploads\/2025\/04\/WhatsApp-Image-2025-04-12-at-11.40.21-9-225x300.jpeg 225w, https:\/\/svsempach.ch\/wp-content\/uploads\/2025\/04\/WhatsApp-Image-2025-04-12-at-11.40.21-9-1152x1536.jpeg 1152w, https:\/\/svsempach.ch\/wp-content\/uploads\/2025\/04\/WhatsApp-Image-2025-04-12-at-11.40.21-9.jpeg 1536w\" sizes=\"auto, (max-width: 706px) 89vw, (max-width: 767px) 82vw, 740px\" \/><\/figure>\n\n\n\n<figure class=\"wp-block-image size-large is-resized\"><img loading=\"lazy\" decoding=\"async\" width=\"733\" height=\"1024\" src=\"https:\/\/svsempach.ch\/wp-content\/uploads\/2025\/04\/WhatsApp-Image-2025-04-12-at-11.40.21-1-733x1024.jpeg\" alt=\"\" class=\"wp-image-1561\" style=\"width:477px;height:auto\" srcset=\"https:\/\/svsempach.ch\/wp-content\/uploads\/2025\/04\/WhatsApp-Image-2025-04-12-at-11.40.21-1-733x1024.jpeg 733w, https:\/\/svsempach.ch\/wp-content\/uploads\/2025\/04\/WhatsApp-Image-2025-04-12-at-11.40.21-1-215x300.jpeg 215w, https:\/\/svsempach.ch\/wp-content\/uploads\/2025\/04\/WhatsApp-Image-2025-04-12-at-11.40.21-1-768x1073.jpeg 768w, https:\/\/svsempach.ch\/wp-content\/uploads\/2025\/04\/WhatsApp-Image-2025-04-12-at-11.40.21-1-1100x1536.jpeg 1100w, https:\/\/svsempach.ch\/wp-content\/uploads\/2025\/04\/WhatsApp-Image-2025-04-12-at-11.40.21-1.jpeg 1466w\" sizes=\"auto, (max-width: 733px) 100vw, 733px\" \/><\/figure>\n","protected":false},"excerpt":{"rendered":"<p>Unsere Ehrenmitglieder Aregger Maria, B\u00fcelmatt 10, 6204 SempachBalsemin Erika, Felsenegg 13, 6204 SempachBienz Sandra, alte Grenzstr. 3b, 6204 SempachB\u00fchlmann Martha, Oberstadt 7, 6204 SempachBurch Monika, Felsenegg 12, 6204 SempachErni Greth, Hubelstr. 36, 6204 SempachH\u00e4fliger Bernadette, Sonnhubel 6, 6204 SempachL\u00f6tscher Brigitte, Schauensee 26, 6204 SempachMurer Marie-Therese, Muriweid 8, 6207 NottwilR\u00fcttimann Margrith, Feld 3, 6204 SempachSchlegel Monika, &hellip; <\/p>\n<p class=\"link-more\"><a href=\"https:\/\/svsempach.ch\/?page_id=237\" class=\"more-link\"><span class=\"screen-reader-text\">\u201eEhrenmitglieder\u201c <\/span>weiterlesen<\/a><\/p>\n","protected":false},"author":1,"featured_media":0,"parent":0,"menu_order":0,"comment_status":"closed","ping_status":"closed","template":"","meta":{"ngg_post_thumbnail":0,"footnotes":""},"class_list":["post-237","page","type-page","status-publish","hentry"],"_links":{"self":[{"href":"https:\/\/svsempach.ch\/index.php?rest_route=\/wp\/v2\/pages\/237","targetHints":{"allow":["GET"]}}],"collection":[{"href":"https:\/\/svsempach.ch\/index.php?rest_route=\/wp\/v2\/pages"}],"about":[{"href":"https:\/\/svsempach.ch\/index.php?rest_route=\/wp\/v2\/types\/page"}],"author":[{"embeddable":true,"href":"https:\/\/svsempach.ch\/index.php?rest_route=\/wp\/v2\/users\/1"}],"replies":[{"embeddable":true,"href":"https:\/\/svsempach.ch\/index.php?rest_route=%2Fwp%2Fv2%2Fcomments&post=237"}],"version-history":[{"count":11,"href":"https:\/\/svsempach.ch\/index.php?rest_route=\/wp\/v2\/pages\/237\/revisions"}],"predecessor-version":[{"id":1562,"href":"https:\/\/svsempach.ch\/index.php?rest_route=\/wp\/v2\/pages\/237\/revisions\/1562"}],"wp:attachment":[{"href":"https:\/\/svsempach.ch\/index.php?rest_route=%2Fwp%2Fv2%2Fmedia&parent=237"}],"curies":[{"name":"wp","href":"https:\/\/api.w.org\/{rel}","templated":true}]}}