{"id":217,"date":"2021-11-28T21:02:44","date_gmt":"2021-11-28T21:02:44","guid":{"rendered":"http:\/\/svsempach.ch\/?page_id=217"},"modified":"2021-12-06T08:25:58","modified_gmt":"2021-12-06T08:25:58","slug":"verein","status":"publish","type":"page","link":"https:\/\/svsempach.ch\/?page_id=217","title":{"rendered":"Verein"},"content":{"rendered":"\n<div class=\"wp-block-buttons is-layout-flex wp-block-buttons-is-layout-flex\">\n<div class=\"wp-block-button\"><a class=\"wp-block-button__link\" href=\"https:\/\/svsempach.ch\/?page_id=279\">Veranstaltungen<\/a><\/div>\n\n\n\n<div class=\"wp-block-button\"><a class=\"wp-block-button__link\" href=\"https:\/\/svsempach.ch\/?page_id=220\">Berichte<\/a><\/div>\n\n\n\n<div class=\"wp-block-button\"><a class=\"wp-block-button__link\" href=\"https:\/\/svsempach.ch\/?page_id=222\">Jahresprogramm<\/a><\/div>\n<\/div>\n\n\n\n<h2 class=\"wp-block-heading\"><strong>Kurzfassung Chronik Sportverein Sempach<\/strong><\/h2>\n\n\n\n<p><br>Im Jahre 1966 l\u00f6ste sich die Frauenturngruppe KTV Sempach von der im Jahre 1958 gegr\u00fcndeten Turnerinnengruppe und wurde ein eigenst\u00e4ndiger Verein:<br>Der&nbsp;<strong>Sportverein Sempach<\/strong>&nbsp;feierte Geburtstag!<br>Initiant und Gr\u00fcnder dieser turnenden&nbsp;<strong>Frauen<\/strong>&nbsp;war ein&nbsp;<strong>Mann<\/strong>, der damalige Kaplan Siegfried Arnold.<br>Die Gr\u00fcndung vom 25.April 1966 wurde in der lokalen Presse nicht erw\u00e4hnt, da sich das Wirken im Verein mehr hinter den Kulissen abspielte. Mit einem j\u00e4hrlichen Beitrag von Fr. 16.- wurde den 29 Gr\u00fcndungsmitgliedern w\u00f6chentlich eine Turnstunde, unter der Leitung von Fr\u00e4ulein Helen Bucher, Primarlehrerin in Sempach, geboten.<br>Frauen und M\u00fctter wurden ermuntert und aufgefordert, mit einem Trainingsanzug oder einem zweckentsprechenden Kleidungst\u00fcck und Turnschuhen ausger\u00fcstet, den Weg am Montag-Abend in die Turnhalle zu wagen.<\/p>\n","protected":false},"excerpt":{"rendered":"<p>Kurzfassung Chronik Sportverein Sempach Im Jahre 1966 l\u00f6ste sich die Frauenturngruppe KTV Sempach von der im Jahre 1958 gegr\u00fcndeten Turnerinnengruppe und wurde ein eigenst\u00e4ndiger Verein:Der&nbsp;Sportverein Sempach&nbsp;feierte Geburtstag!Initiant und Gr\u00fcnder dieser turnenden&nbsp;Frauen&nbsp;war ein&nbsp;Mann, der damalige Kaplan Siegfried Arnold.Die Gr\u00fcndung vom 25.April 1966 wurde in der lokalen Presse nicht erw\u00e4hnt, da sich das Wirken im Verein mehr &hellip; <\/p>\n<p class=\"link-more\"><a href=\"https:\/\/svsempach.ch\/?page_id=217\" class=\"more-link\"><span class=\"screen-reader-text\">\u201eVerein\u201c <\/span>weiterlesen<\/a><\/p>\n","protected":false},"author":1,"featured_media":0,"parent":0,"menu_order":0,"comment_status":"closed","ping_status":"closed","template":"","meta":{"ngg_post_thumbnail":0,"footnotes":""},"class_list":["post-217","page","type-page","status-publish","hentry"],"_links":{"self":[{"href":"https:\/\/svsempach.ch\/index.php?rest_route=\/wp\/v2\/pages\/217","targetHints":{"allow":["GET"]}}],"collection":[{"href":"https:\/\/svsempach.ch\/index.php?rest_route=\/wp\/v2\/pages"}],"about":[{"href":"https:\/\/svsempach.ch\/index.php?rest_route=\/wp\/v2\/types\/page"}],"author":[{"embeddable":true,"href":"https:\/\/svsempach.ch\/index.php?rest_route=\/wp\/v2\/users\/1"}],"replies":[{"embeddable":true,"href":"https:\/\/svsempach.ch\/index.php?rest_route=%2Fwp%2Fv2%2Fcomments&post=217"}],"version-history":[{"count":2,"href":"https:\/\/svsempach.ch\/index.php?rest_route=\/wp\/v2\/pages\/217\/revisions"}],"predecessor-version":[{"id":348,"href":"https:\/\/svsempach.ch\/index.php?rest_route=\/wp\/v2\/pages\/217\/revisions\/348"}],"wp:attachment":[{"href":"https:\/\/svsempach.ch\/index.php?rest_route=%2Fwp%2Fv2%2Fmedia&parent=217"}],"curies":[{"name":"wp","href":"https:\/\/api.w.org\/{rel}","templated":true}]}}