{"id":213,"date":"2021-11-28T21:00:28","date_gmt":"2021-11-28T21:00:28","guid":{"rendered":"http:\/\/svsempach.ch\/?page_id=213"},"modified":"2025-10-23T16:10:25","modified_gmt":"2025-10-23T16:10:25","slug":"fit-mit-badminton","status":"publish","type":"page","link":"https:\/\/svsempach.ch\/?page_id=213","title":{"rendered":"Fit Mit Badminton"},"content":{"rendered":"\n<h3 class=\"wp-block-heading\">Badminton<\/h3>\n\n\n\n<p>Badminton ist ein actionreiches und schnelles Spiel mit Shuttle, Badmintonschl\u00e4ger und Netz.<br>In dieser Sparte bieten wir die Kurse im halbjahres Turnus an.<br>Jeweils am Mittwochabend wird f\u00fcr 90 Minuten gespielt.<br>Nach einem kurzen Aufw\u00e4rmen wird zuerst die Badminton-Technik ge\u00fcbt.<br>Anschliessend wird das K\u00f6nnen bei Einzel- oder Doppelmatches weiter vertieft und angewendet, dabei entstehen manchmal temporeiche und spannende Matches.<br>Unter der Leitung unserer zwei Badmintontrainer k\u00f6nnen wir diese Kurse fortlaufend anbieten.<br>Inzwischen hat sich eine gemischte Gruppe im Alter von 16 bis \u2026 Jahren zusammengefunden.<br>Nat\u00fcrlich freut man sich immer wieder \u00fcber weitere Verst\u00e4rkung und neue Gegner.<br><br><strong>Wann:<\/strong>\u00a0Mittwochabend 18.30 &#8211; 20.00 Uhr, Turnhalle Rank<br><strong>Kosten:<\/strong>\u00a02 Kurse werden pro Jahr durchgef\u00fchrt. (1 Lektion \u00e0 90 min CHF 8.00)<br>Jugendliche ab 16 Jahren und Studenten 1\/2 Preis.<br><br>Falls wir Ihr Interesse f\u00fcr das Badminton geweckt haben, sind Sie gerne f\u00fcr zwei Probelektionen eingeladen.<br><br>Infos bei: Bernadette H\u00e4fliger, <a href=\"mailto:fitmit@svsempach.ch\">fitmit@svsempach.ch<\/a>\u00a0<\/p>\n\n\n\n<figure class=\"wp-block-image\"><img decoding=\"async\" src=\"https:\/\/wwwalt.svsempach.ch\/uploads\/Main\/badminton.jpg\" alt=\"\"\/><\/figure>\n","protected":false},"excerpt":{"rendered":"<p>Badminton Badminton ist ein actionreiches und schnelles Spiel mit Shuttle, Badmintonschl\u00e4ger und Netz.In dieser Sparte bieten wir die Kurse im halbjahres Turnus an.Jeweils am Mittwochabend wird f\u00fcr 90 Minuten gespielt.Nach einem kurzen Aufw\u00e4rmen wird zuerst die Badminton-Technik ge\u00fcbt.Anschliessend wird das K\u00f6nnen bei Einzel- oder Doppelmatches weiter vertieft und angewendet, dabei entstehen manchmal temporeiche und spannende &hellip; <\/p>\n<p class=\"link-more\"><a href=\"https:\/\/svsempach.ch\/?page_id=213\" class=\"more-link\"><span class=\"screen-reader-text\">\u201eFit Mit Badminton\u201c <\/span>weiterlesen<\/a><\/p>\n","protected":false},"author":1,"featured_media":0,"parent":204,"menu_order":0,"comment_status":"closed","ping_status":"closed","template":"","meta":{"ngg_post_thumbnail":0,"footnotes":""},"class_list":["post-213","page","type-page","status-publish","hentry"],"_links":{"self":[{"href":"https:\/\/svsempach.ch\/index.php?rest_route=\/wp\/v2\/pages\/213","targetHints":{"allow":["GET"]}}],"collection":[{"href":"https:\/\/svsempach.ch\/index.php?rest_route=\/wp\/v2\/pages"}],"about":[{"href":"https:\/\/svsempach.ch\/index.php?rest_route=\/wp\/v2\/types\/page"}],"author":[{"embeddable":true,"href":"https:\/\/svsempach.ch\/index.php?rest_route=\/wp\/v2\/users\/1"}],"replies":[{"embeddable":true,"href":"https:\/\/svsempach.ch\/index.php?rest_route=%2Fwp%2Fv2%2Fcomments&post=213"}],"version-history":[{"count":6,"href":"https:\/\/svsempach.ch\/index.php?rest_route=\/wp\/v2\/pages\/213\/revisions"}],"predecessor-version":[{"id":1686,"href":"https:\/\/svsempach.ch\/index.php?rest_route=\/wp\/v2\/pages\/213\/revisions\/1686"}],"up":[{"embeddable":true,"href":"https:\/\/svsempach.ch\/index.php?rest_route=\/wp\/v2\/pages\/204"}],"wp:attachment":[{"href":"https:\/\/svsempach.ch\/index.php?rest_route=%2Fwp%2Fv2%2Fmedia&parent=213"}],"curies":[{"name":"wp","href":"https:\/\/api.w.org\/{rel}","templated":true}]}}