{"id":194,"date":"2021-11-28T20:43:43","date_gmt":"2021-11-28T20:43:43","guid":{"rendered":"http:\/\/svsempach.ch\/?page_id=194"},"modified":"2025-10-23T16:06:40","modified_gmt":"2025-10-23T16:06:40","slug":"fit-fun","status":"publish","type":"page","link":"https:\/\/svsempach.ch\/?page_id=194","title":{"rendered":"Fit &#038; Fun"},"content":{"rendered":"\n<h2 class=\"wp-block-heading\">Fit &amp; Fun<\/h2>\n\n\n\n<p><strong>Training:<\/strong>&nbsp;<strong>Montag 20.05 &#8211; 21.15 Uhr, Turnhalle Felsenegg<\/strong><br><strong>Leitung:&nbsp;<\/strong>Martha Schiess, Cornelia M\u00fcller<br><strong>Jahresbeitrag:<\/strong>&nbsp; CHF 85.00 \/ Sch\u00fcler, Studenten, Lehrlinge CHF 40.00<\/p>\n\n\n\n<h3 class=\"wp-block-heading\">Turnprogramm<\/h3>\n\n\n\n<p>Dank unseren motivierten Vorturnerinnen d\u00fcrfen wir \u00fcber ein vielf\u00e4ltiges Turnprogramm profitieren.<br>Gymnastik, Aerobic, R\u00fcckentraining, Kr\u00e4ftigung, Stafetten, diverse Spiele und Ballspiele halten uns fit.<br><br>Interessiert? Dann komm vorbei und nutze einfach unser Angebot von 2 Gratis Schnupperlektionen!<br><strong>Infos bei: <\/strong>Lea St\u00f6ckli \u00a0<a href=\"mailto:fitfun@svsempach.ch\">fitfun@svsempach.ch<\/a><\/p>\n\n\n\n<h3 class=\"wp-block-heading\">Anl\u00e4sse<\/h3>\n\n\n\n<p>W\u00e4hrend des Jahr wird das Turnen durch verschiedene Anl\u00e4sse erg\u00e4nzt.<br>Beliebte Anl\u00e4sse, um einander besser kennenzulernen sind der Adventsbummel, der Winterplausch, der Maibummel oder im Herbst der Vereinsausflug.<br><br>Alle 2 Jahre nehmen wir an einem Sportfest der Sportunion Schweiz teil.<br><\/p>\n\n\n\n<figure class=\"wp-block-image\"><img decoding=\"async\" src=\"https:\/\/wwwalt.svsempach.ch\/uploads\/Main\/Turnen7.jpg\" alt=\"\"\/><\/figure>\n\n\n\n<p><\/p>\n","protected":false},"excerpt":{"rendered":"<p>Fit &amp; Fun Training:&nbsp;Montag 20.05 &#8211; 21.15 Uhr, Turnhalle FelseneggLeitung:&nbsp;Martha Schiess, Cornelia M\u00fcllerJahresbeitrag:&nbsp; CHF 85.00 \/ Sch\u00fcler, Studenten, Lehrlinge CHF 40.00 Turnprogramm Dank unseren motivierten Vorturnerinnen d\u00fcrfen wir \u00fcber ein vielf\u00e4ltiges Turnprogramm profitieren.Gymnastik, Aerobic, R\u00fcckentraining, Kr\u00e4ftigung, Stafetten, diverse Spiele und Ballspiele halten uns fit. Interessiert? Dann komm vorbei und nutze einfach unser Angebot von 2 &hellip; <\/p>\n<p class=\"link-more\"><a href=\"https:\/\/svsempach.ch\/?page_id=194\" class=\"more-link\"><span class=\"screen-reader-text\">\u201eFit &#038; Fun\u201c <\/span>weiterlesen<\/a><\/p>\n","protected":false},"author":1,"featured_media":0,"parent":53,"menu_order":0,"comment_status":"closed","ping_status":"closed","template":"","meta":{"ngg_post_thumbnail":0,"footnotes":""},"class_list":["post-194","page","type-page","status-publish","hentry"],"_links":{"self":[{"href":"https:\/\/svsempach.ch\/index.php?rest_route=\/wp\/v2\/pages\/194","targetHints":{"allow":["GET"]}}],"collection":[{"href":"https:\/\/svsempach.ch\/index.php?rest_route=\/wp\/v2\/pages"}],"about":[{"href":"https:\/\/svsempach.ch\/index.php?rest_route=\/wp\/v2\/types\/page"}],"author":[{"embeddable":true,"href":"https:\/\/svsempach.ch\/index.php?rest_route=\/wp\/v2\/users\/1"}],"replies":[{"embeddable":true,"href":"https:\/\/svsempach.ch\/index.php?rest_route=%2Fwp%2Fv2%2Fcomments&post=194"}],"version-history":[{"count":12,"href":"https:\/\/svsempach.ch\/index.php?rest_route=\/wp\/v2\/pages\/194\/revisions"}],"predecessor-version":[{"id":1679,"href":"https:\/\/svsempach.ch\/index.php?rest_route=\/wp\/v2\/pages\/194\/revisions\/1679"}],"up":[{"embeddable":true,"href":"https:\/\/svsempach.ch\/index.php?rest_route=\/wp\/v2\/pages\/53"}],"wp:attachment":[{"href":"https:\/\/svsempach.ch\/index.php?rest_route=%2Fwp%2Fv2%2Fmedia&parent=194"}],"curies":[{"name":"wp","href":"https:\/\/api.w.org\/{rel}","templated":true}]}}