{"id":189,"date":"2021-11-28T20:41:56","date_gmt":"2021-11-28T20:41:56","guid":{"rendered":"http:\/\/svsempach.ch\/?page_id=189"},"modified":"2025-06-16T12:14:14","modified_gmt":"2025-06-16T12:14:14","slug":"kids-geraeteturnen","status":"publish","type":"page","link":"https:\/\/svsempach.ch\/?page_id=189","title":{"rendered":"Kids-Ger\u00e4teturnen"},"content":{"rendered":"\n<h2 class=\"wp-block-heading\">Kids-Ger\u00e4teturnen<\/h2>\n\n\n\n<p><br><strong>Start: Montag, 18.08.25<\/strong><br> DIESE ZEITEN SIND G\u00dcLTIG F\u00dcR DAS SCHULJAHR 2025\/26<\/p>\n\n\n\n<h2 class=\"wp-block-heading\">Turnstunden<\/h2>\n\n\n\n<p>Zeit\/Ort: Montag 16.15 Uhr- 17.15 Uhr, Turnhalle Felsenegg<br>Leitung:\u00a0Angela Ruckli und Jana Arnet<br>Kleidung:\u00a0Turnkleider, Ger\u00e4teschuhe, Antirutschsocken oder Barfuss<br>Besonderes:\u00a0Trinkflasche ohne S\u00fcssgetr\u00e4nk<\/p>\n\n\n\n<h2 class=\"wp-block-heading\">Turnprogramm<\/h2>\n\n\n\n<p>Turnen an und mit grossen Ger\u00e4ten ohne Wettkampfcharakter<\/p>\n\n\n\n<h2 class=\"wp-block-heading\">Ziel<\/h2>\n\n\n\n<p>Erleben und Erlernen von Bewegungen an und mit grossen Ger\u00e4ten.<br>Spass und Freude mit anderen Kindern.<\/p>\n\n\n\n<h3 class=\"wp-block-heading\">Anforderungen<\/h3>\n\n\n\n<p>F\u00fcr Kinder, die ab August 5 Jahre alt sind und den obligatorischen Kindergarten besuchen, sowie f\u00fcr Kinder bis einschlie\u00dflich der 2. Klasse.<\/p>\n\n\n\n<h3 class=\"wp-block-heading\">Kosten<\/h3>\n\n\n\n<p>CHF 90.00 pro Jahr<\/p>\n\n\n\n<p><strong>Ausk\u00fcnfte und Anmeldung:<\/strong>&nbsp;<br>Claudia Leibundgut&nbsp;<a href=\"mailto:turnen-kinder@svsempach.ch\">turnen-kinder@svsempach.ch<\/a> <br>oder direkt bei der Leiterin<\/p>\n\n\n\n<figure class=\"wp-block-image size-full is-resized\"><img loading=\"lazy\" decoding=\"async\" width=\"768\" height=\"1024\" src=\"http:\/\/svsempach.ch\/wp-content\/uploads\/2022\/12\/WhatsApp-Image-2022-12-20-at-20.09.13-2-1.jpeg\" alt=\"\" class=\"wp-image-852\" style=\"width:314px;height:418px\" srcset=\"https:\/\/svsempach.ch\/wp-content\/uploads\/2022\/12\/WhatsApp-Image-2022-12-20-at-20.09.13-2-1.jpeg 768w, https:\/\/svsempach.ch\/wp-content\/uploads\/2022\/12\/WhatsApp-Image-2022-12-20-at-20.09.13-2-1-225x300.jpeg 225w\" sizes=\"auto, (max-width: 706px) 89vw, (max-width: 767px) 82vw, 740px\" \/><\/figure>\n\n\n\n<figure class=\"wp-block-image size-full is-resized\"><img loading=\"lazy\" decoding=\"async\" width=\"768\" height=\"1024\" src=\"http:\/\/svsempach.ch\/wp-content\/uploads\/2022\/12\/WhatsApp-Image-2022-12-20-at-20.09.13-3.jpeg\" alt=\"\" class=\"wp-image-854\" style=\"width:316px;height:421px\" srcset=\"https:\/\/svsempach.ch\/wp-content\/uploads\/2022\/12\/WhatsApp-Image-2022-12-20-at-20.09.13-3.jpeg 768w, https:\/\/svsempach.ch\/wp-content\/uploads\/2022\/12\/WhatsApp-Image-2022-12-20-at-20.09.13-3-225x300.jpeg 225w\" sizes=\"auto, (max-width: 706px) 89vw, (max-width: 767px) 82vw, 740px\" \/><\/figure>\n\n\n\n<figure class=\"wp-block-image size-full is-resized\"><img loading=\"lazy\" decoding=\"async\" width=\"1024\" height=\"768\" src=\"http:\/\/svsempach.ch\/wp-content\/uploads\/2022\/12\/WhatsApp-Image-2022-12-20-at-20.09.13-4.jpeg\" alt=\"\" class=\"wp-image-855\" style=\"width:546px;height:409px\" srcset=\"https:\/\/svsempach.ch\/wp-content\/uploads\/2022\/12\/WhatsApp-Image-2022-12-20-at-20.09.13-4.jpeg 1024w, https:\/\/svsempach.ch\/wp-content\/uploads\/2022\/12\/WhatsApp-Image-2022-12-20-at-20.09.13-4-300x225.jpeg 300w, https:\/\/svsempach.ch\/wp-content\/uploads\/2022\/12\/WhatsApp-Image-2022-12-20-at-20.09.13-4-768x576.jpeg 768w\" sizes=\"auto, (max-width: 706px) 89vw, (max-width: 767px) 82vw, 740px\" \/><\/figure>\n","protected":false},"excerpt":{"rendered":"<p>Kids-Ger\u00e4teturnen Start: Montag, 18.08.25 DIESE ZEITEN SIND G\u00dcLTIG F\u00dcR DAS SCHULJAHR 2025\/26 Turnstunden Zeit\/Ort: Montag 16.15 Uhr- 17.15 Uhr, Turnhalle FelseneggLeitung:\u00a0Angela Ruckli und Jana ArnetKleidung:\u00a0Turnkleider, Ger\u00e4teschuhe, Antirutschsocken oder BarfussBesonderes:\u00a0Trinkflasche ohne S\u00fcssgetr\u00e4nk Turnprogramm Turnen an und mit grossen Ger\u00e4ten ohne Wettkampfcharakter Ziel Erleben und Erlernen von Bewegungen an und mit grossen Ger\u00e4ten.Spass und Freude mit anderen &hellip; <\/p>\n<p class=\"link-more\"><a href=\"https:\/\/svsempach.ch\/?page_id=189\" class=\"more-link\"><span class=\"screen-reader-text\">\u201eKids-Ger\u00e4teturnen\u201c <\/span>weiterlesen<\/a><\/p>\n","protected":false},"author":1,"featured_media":0,"parent":53,"menu_order":0,"comment_status":"closed","ping_status":"closed","template":"","meta":{"ngg_post_thumbnail":0,"footnotes":""},"class_list":["post-189","page","type-page","status-publish","hentry"],"_links":{"self":[{"href":"https:\/\/svsempach.ch\/index.php?rest_route=\/wp\/v2\/pages\/189","targetHints":{"allow":["GET"]}}],"collection":[{"href":"https:\/\/svsempach.ch\/index.php?rest_route=\/wp\/v2\/pages"}],"about":[{"href":"https:\/\/svsempach.ch\/index.php?rest_route=\/wp\/v2\/types\/page"}],"author":[{"embeddable":true,"href":"https:\/\/svsempach.ch\/index.php?rest_route=\/wp\/v2\/users\/1"}],"replies":[{"embeddable":true,"href":"https:\/\/svsempach.ch\/index.php?rest_route=%2Fwp%2Fv2%2Fcomments&post=189"}],"version-history":[{"count":37,"href":"https:\/\/svsempach.ch\/index.php?rest_route=\/wp\/v2\/pages\/189\/revisions"}],"predecessor-version":[{"id":1601,"href":"https:\/\/svsempach.ch\/index.php?rest_route=\/wp\/v2\/pages\/189\/revisions\/1601"}],"up":[{"embeddable":true,"href":"https:\/\/svsempach.ch\/index.php?rest_route=\/wp\/v2\/pages\/53"}],"wp:attachment":[{"href":"https:\/\/svsempach.ch\/index.php?rest_route=%2Fwp%2Fv2%2Fmedia&parent=189"}],"curies":[{"name":"wp","href":"https:\/\/api.w.org\/{rel}","templated":true}]}}