{"id":186,"date":"2021-11-28T20:25:08","date_gmt":"2021-11-28T20:25:08","guid":{"rendered":"http:\/\/svsempach.ch\/?page_id=186"},"modified":"2025-06-25T07:49:49","modified_gmt":"2025-06-25T07:49:49","slug":"kitu","status":"publish","type":"page","link":"https:\/\/svsempach.ch\/?page_id=186","title":{"rendered":"KiTu"},"content":{"rendered":"\n<h2 class=\"wp-block-heading\">Kinderturnen<\/h2>\n\n\n\n<p><br><strong>Start: Dienstag, 19.08.25<\/strong><br>DIESE ZEITEN SIND G\u00dcLTIG F\u00dcR DAS SCHULJAHR 2025\/26<\/p>\n\n\n\n<h3 class=\"wp-block-heading\">Turnstunden<\/h3>\n\n\n\n<p><strong>Zeit\/Ort:<\/strong>\u00a0Dienstag, 16.15 &#8211; 17.10 Uhr, Turnhalle Tormatt<br><br><strong>Leitung:<\/strong> Claudia Leibundgut<br><strong>Kleidung:<\/strong>\u00a0Turnkleider, Antirutschsocken, Ger\u00e4teschuhe oder Turnschuhe<br><strong>Besonderes:<\/strong>\u00a0Trinkflasche ohne S\u00fcssgetr\u00e4nk<\/p>\n\n\n\n<h3 class=\"wp-block-heading\">Turnprogramm<\/h3>\n\n\n\n<p>Springen, H\u00fcpfen, Klettern, Entdecken und Bewegen; vielseitiges Spielen<\/p>\n\n\n\n<h3 class=\"wp-block-heading\">Ziel<\/h3>\n\n\n\n<p>F\u00f6rderung der Beweglichkeit, Koordination und Schnelligkeit; Spiel und Spass in der kleinen Gruppe<\/p>\n\n\n\n<h3 class=\"wp-block-heading\">Anforderungen<\/h3>\n\n\n\n<p>Kinder im Kindergartenalter ab 5 Jahren<\/p>\n\n\n\n<h3 class=\"wp-block-heading\">Kosten<\/h3>\n\n\n\n<p>CHF 90.00 pro Jahr<br><br><strong>Ausk\u00fcnfte und Anmeldung:<\/strong>\u00a0<br>Claudia Leibundgut\u00a0<a href=\"mailto:turnen-kinder@svsempach.ch\">turnen-kinder@svsempach.ch<\/a><br><\/p>\n\n\n\n<figure class=\"wp-block-image size-full\"><img loading=\"lazy\" decoding=\"async\" width=\"225\" height=\"300\" src=\"http:\/\/svsempach.ch\/wp-content\/uploads\/2021\/11\/kitufoto.jpg\" alt=\"\" class=\"wp-image-187\"\/><\/figure>\n","protected":false},"excerpt":{"rendered":"<p>Kinderturnen Start: Dienstag, 19.08.25DIESE ZEITEN SIND G\u00dcLTIG F\u00dcR DAS SCHULJAHR 2025\/26 Turnstunden Zeit\/Ort:\u00a0Dienstag, 16.15 &#8211; 17.10 Uhr, Turnhalle Tormatt Leitung: Claudia LeibundgutKleidung:\u00a0Turnkleider, Antirutschsocken, Ger\u00e4teschuhe oder TurnschuheBesonderes:\u00a0Trinkflasche ohne S\u00fcssgetr\u00e4nk Turnprogramm Springen, H\u00fcpfen, Klettern, Entdecken und Bewegen; vielseitiges Spielen Ziel F\u00f6rderung der Beweglichkeit, Koordination und Schnelligkeit; Spiel und Spass in der kleinen Gruppe Anforderungen Kinder im Kindergartenalter &hellip; <\/p>\n<p class=\"link-more\"><a href=\"https:\/\/svsempach.ch\/?page_id=186\" class=\"more-link\"><span class=\"screen-reader-text\">\u201eKiTu\u201c <\/span>weiterlesen<\/a><\/p>\n","protected":false},"author":1,"featured_media":0,"parent":53,"menu_order":0,"comment_status":"closed","ping_status":"closed","template":"","meta":{"ngg_post_thumbnail":0,"footnotes":""},"class_list":["post-186","page","type-page","status-publish","hentry"],"_links":{"self":[{"href":"https:\/\/svsempach.ch\/index.php?rest_route=\/wp\/v2\/pages\/186","targetHints":{"allow":["GET"]}}],"collection":[{"href":"https:\/\/svsempach.ch\/index.php?rest_route=\/wp\/v2\/pages"}],"about":[{"href":"https:\/\/svsempach.ch\/index.php?rest_route=\/wp\/v2\/types\/page"}],"author":[{"embeddable":true,"href":"https:\/\/svsempach.ch\/index.php?rest_route=\/wp\/v2\/users\/1"}],"replies":[{"embeddable":true,"href":"https:\/\/svsempach.ch\/index.php?rest_route=%2Fwp%2Fv2%2Fcomments&post=186"}],"version-history":[{"count":11,"href":"https:\/\/svsempach.ch\/index.php?rest_route=\/wp\/v2\/pages\/186\/revisions"}],"predecessor-version":[{"id":1610,"href":"https:\/\/svsempach.ch\/index.php?rest_route=\/wp\/v2\/pages\/186\/revisions\/1610"}],"up":[{"embeddable":true,"href":"https:\/\/svsempach.ch\/index.php?rest_route=\/wp\/v2\/pages\/53"}],"wp:attachment":[{"href":"https:\/\/svsempach.ch\/index.php?rest_route=%2Fwp%2Fv2%2Fmedia&parent=186"}],"curies":[{"name":"wp","href":"https:\/\/api.w.org\/{rel}","templated":true}]}}