{"id":181,"date":"2021-11-28T20:23:24","date_gmt":"2021-11-28T20:23:24","guid":{"rendered":"http:\/\/svsempach.ch\/?page_id=181"},"modified":"2025-06-16T12:09:26","modified_gmt":"2025-06-16T12:09:26","slug":"kitulino","status":"publish","type":"page","link":"https:\/\/svsempach.ch\/?page_id=181","title":{"rendered":"Kitulino"},"content":{"rendered":"\n<h2 class=\"wp-block-heading\">Kitulino<\/h2>\n\n\n\n<p><br><strong>Start: MONTAG 13.10.25<\/strong><br>DIESE ZEITEN SIND G\u00dcLTIG F\u00dcR DAS SCHULJAHR 2025\/26<\/p>\n\n\n\n<h3 class=\"wp-block-heading\">Turnstunden<\/h3>\n\n\n\n<p><strong>Zeit \/ Ort:\u00a0<\/strong>Montag 16.15 &#8211; 17.15 Uhr, Turnhalle Tormatt<br><br><strong>Leitung:<\/strong>\u00a0Claudia Leibundgut<br><strong>Kleidung:<\/strong>\u00a0Turnkleider, Antirutschsocken, Ger\u00e4teschuhe oder Turnschuhe<br><strong>Besonderes:<\/strong>\u00a0Trinkflasche ohne S\u00fcssgetr\u00e4nk und Zn\u00fcni f\u00fcr danach<\/p>\n\n\n\n<h3 class=\"wp-block-heading\">Turnprogramm<\/h3>\n\n\n\n<p>Springen, H\u00fcpfen, Klettern; sich tummeln mit und an verschiedenen Ger\u00e4ten<\/p>\n\n\n\n<h3 class=\"wp-block-heading\">Ziel<\/h3>\n\n\n\n<p>Spielerisches Erlernen neuer Bewegungen, f\u00f6rdern sozialer Kontakte in der Gruppe<\/p>\n\n\n\n<h3 class=\"wp-block-heading\">Anforderungen<\/h3>\n\n\n\n<p>Kinder ab 4 Jahren im Spielgruppenalter, ohne Begleitung<\/p>\n\n\n\n<h3 class=\"wp-block-heading\">Kosten<\/h3>\n\n\n\n<p>CHF 90.00 pro Jahr<\/p>\n\n\n\n<p><strong>Ausk\u00fcnfte und Anmeldung:<\/strong>&nbsp;<br>Claudia Leibundgut&nbsp;<a href=\"mailto:turnen-kinder@svsempach.ch\">turnen-kinder@svsempach.ch<\/a><\/p>\n\n\n\n<figure class=\"wp-block-image size-full\"><img loading=\"lazy\" decoding=\"async\" width=\"964\" height=\"720\" src=\"http:\/\/svsempach.ch\/wp-content\/uploads\/2021\/11\/kitulinofoto1.jpg\" alt=\"\" class=\"wp-image-183\" srcset=\"https:\/\/svsempach.ch\/wp-content\/uploads\/2021\/11\/kitulinofoto1.jpg 964w, https:\/\/svsempach.ch\/wp-content\/uploads\/2021\/11\/kitulinofoto1-300x224.jpg 300w, https:\/\/svsempach.ch\/wp-content\/uploads\/2021\/11\/kitulinofoto1-768x574.jpg 768w\" sizes=\"auto, (max-width: 706px) 89vw, (max-width: 767px) 82vw, 740px\" \/><\/figure>\n","protected":false},"excerpt":{"rendered":"<p>Kitulino Start: MONTAG 13.10.25DIESE ZEITEN SIND G\u00dcLTIG F\u00dcR DAS SCHULJAHR 2025\/26 Turnstunden Zeit \/ Ort:\u00a0Montag 16.15 &#8211; 17.15 Uhr, Turnhalle Tormatt Leitung:\u00a0Claudia LeibundgutKleidung:\u00a0Turnkleider, Antirutschsocken, Ger\u00e4teschuhe oder TurnschuheBesonderes:\u00a0Trinkflasche ohne S\u00fcssgetr\u00e4nk und Zn\u00fcni f\u00fcr danach Turnprogramm Springen, H\u00fcpfen, Klettern; sich tummeln mit und an verschiedenen Ger\u00e4ten Ziel Spielerisches Erlernen neuer Bewegungen, f\u00f6rdern sozialer Kontakte in der Gruppe &hellip; <\/p>\n<p class=\"link-more\"><a href=\"https:\/\/svsempach.ch\/?page_id=181\" class=\"more-link\"><span class=\"screen-reader-text\">\u201eKitulino\u201c <\/span>weiterlesen<\/a><\/p>\n","protected":false},"author":1,"featured_media":0,"parent":53,"menu_order":0,"comment_status":"closed","ping_status":"closed","template":"","meta":{"ngg_post_thumbnail":0,"footnotes":""},"class_list":["post-181","page","type-page","status-publish","hentry"],"_links":{"self":[{"href":"https:\/\/svsempach.ch\/index.php?rest_route=\/wp\/v2\/pages\/181","targetHints":{"allow":["GET"]}}],"collection":[{"href":"https:\/\/svsempach.ch\/index.php?rest_route=\/wp\/v2\/pages"}],"about":[{"href":"https:\/\/svsempach.ch\/index.php?rest_route=\/wp\/v2\/types\/page"}],"author":[{"embeddable":true,"href":"https:\/\/svsempach.ch\/index.php?rest_route=\/wp\/v2\/users\/1"}],"replies":[{"embeddable":true,"href":"https:\/\/svsempach.ch\/index.php?rest_route=%2Fwp%2Fv2%2Fcomments&post=181"}],"version-history":[{"count":12,"href":"https:\/\/svsempach.ch\/index.php?rest_route=\/wp\/v2\/pages\/181\/revisions"}],"predecessor-version":[{"id":1597,"href":"https:\/\/svsempach.ch\/index.php?rest_route=\/wp\/v2\/pages\/181\/revisions\/1597"}],"up":[{"embeddable":true,"href":"https:\/\/svsempach.ch\/index.php?rest_route=\/wp\/v2\/pages\/53"}],"wp:attachment":[{"href":"https:\/\/svsempach.ch\/index.php?rest_route=%2Fwp%2Fv2%2Fmedia&parent=181"}],"curies":[{"name":"wp","href":"https:\/\/api.w.org\/{rel}","templated":true}]}}