{"id":14,"date":"2021-11-28T17:07:08","date_gmt":"2021-11-28T17:07:08","guid":{"rendered":"http:\/\/svsempach.ch\/?page_id=14"},"modified":"2026-03-19T21:26:29","modified_gmt":"2026-03-19T21:26:29","slug":"herzlich-willkommen","status":"publish","type":"page","link":"https:\/\/svsempach.ch\/","title":{"rendered":"Herzlich Willkommen beim Sportverein Sempach"},"content":{"rendered":"\n<figure class=\"wp-block-image size-full is-resized\"><img loading=\"lazy\" decoding=\"async\" width=\"648\" height=\"493\" src=\"http:\/\/svsempach.ch\/wp-content\/uploads\/2024\/02\/SportvereinLogo.png\" alt=\"\" class=\"wp-image-1216\" style=\"width:297px;height:auto\" srcset=\"https:\/\/svsempach.ch\/wp-content\/uploads\/2024\/02\/SportvereinLogo.png 648w, https:\/\/svsempach.ch\/wp-content\/uploads\/2024\/02\/SportvereinLogo-300x228.png 300w\" sizes=\"auto, (max-width: 648px) 100vw, 648px\" \/><\/figure>\n\n\n\n<h2 class=\"wp-block-heading\"><strong>SCHNUPPERTAGE in unseren diversen Kinderturnangeboten<\/strong> <br>&#x1f938;&#x1f938;&#x200d;&#x2642;&#xfe0f;&#x1f938;&#x200d;&#x2640;&#xfe0f;<\/h2>\n\n\n\n<p><strong>Muki<br>16.6.26 und 23.6.26<\/strong><br>Am Dienstag<br>Turnhalle Felsenegg<br>Von 08.50-09.50 Uhr<\/p>\n\n\n\n<p><strong>Kitulino:<br>15.6.26 und 22.6.26<\/strong><br>Am Montag<br>Turnhalle Tormatt<br>Von 16.15-17.15 Uhr<\/p>\n\n\n\n<p><strong>Kitu<br>16.6.26 und 23.6.26<\/strong><br>Am Dienstag<br>Turnhalle Tormatt<br>Von 16.15-17.15 Uhr<\/p>\n\n\n\n<p><strong>Kids-Ger\u00e4teturnen<br>15.6.26 und 22.6.26<\/strong><br>Am Montag<br>Turnhalle Felsenegg<br>Von 16.15-17.15 Uhr<\/p>\n\n\n\n<p><strong>Anmelden unter :<br>turnen-kinder@svsempach.ch<\/strong><\/p>\n\n\n\n<h2 class=\"wp-block-heading\"><strong>&#x1f938;&#x200d;&#x2642;&#xfe0f;&#x1f938;<\/strong> <strong>LEITER:INNEN gesucht &#8211; Kinderturnen &#x1f938;&#x200d;&#x2640;&#xfe0f;&#x1f938;&#x200d;&#x2642;&#xfe0f;<\/strong><\/h2>\n\n\n\n<p><strong>Unser Leiterteam sucht Verst\u00e4rkung f\u00fcr die Bereiche Muki, Kitulino, KiTu und Ger\u00e4te-Kids. <\/strong><br>Wenn du Freude an Bewegung sowie am Umgang mit Kindern hast, bist du bei uns genau richtig!<br>Die Leitert\u00e4tigkeit wird entl\u00f6hnt, und wir unterst\u00fctzen dich gerne auch bei deiner Aus- und Weiterbildung.<br>Werde Teil unseres Teams \u2013 wir freuen uns auf dich!<\/p>\n\n\n\n<p><strong>Kontakt: turnen-kinder@svsempach.ch<\/strong><\/p>\n\n\n\n<h2 class=\"wp-block-heading\"><strong>Winterplausch vom 28.02.2026<\/strong><\/h2>\n\n\n\n<figure class=\"wp-block-gallery has-nested-images columns-default is-cropped wp-block-gallery-1 is-layout-flex wp-block-gallery-is-layout-flex\">\n<figure class=\"wp-block-image size-large is-resized\"><img loading=\"lazy\" decoding=\"async\" width=\"1000\" height=\"451\" data-id=\"1824\" src=\"https:\/\/svsempach.ch\/wp-content\/uploads\/2026\/03\/Foto-klein.jpg\" alt=\"\" class=\"wp-image-1824\" style=\"width:503px;height:auto\" srcset=\"https:\/\/svsempach.ch\/wp-content\/uploads\/2026\/03\/Foto-klein.jpg 1000w, https:\/\/svsempach.ch\/wp-content\/uploads\/2026\/03\/Foto-klein-300x135.jpg 300w, https:\/\/svsempach.ch\/wp-content\/uploads\/2026\/03\/Foto-klein-768x346.jpg 768w\" sizes=\"auto, (max-width: 706px) 89vw, (max-width: 767px) 82vw, 740px\" \/><figcaption class=\"wp-element-caption\">SV Sempach beim Winterplausch auf Turren, im Hintergrund die Berner Alpen<\/figcaption><\/figure>\n\n\n\n<figure class=\"wp-block-image size-large is-resized\"><img loading=\"lazy\" decoding=\"async\" width=\"1024\" height=\"768\" data-id=\"1823\" src=\"https:\/\/svsempach.ch\/wp-content\/uploads\/2026\/03\/Quartett-Schneeschuhtrail-1024x768.jpg\" alt=\"\" class=\"wp-image-1823\" style=\"width:431px;height:auto\" srcset=\"https:\/\/svsempach.ch\/wp-content\/uploads\/2026\/03\/Quartett-Schneeschuhtrail-1024x768.jpg 1024w, https:\/\/svsempach.ch\/wp-content\/uploads\/2026\/03\/Quartett-Schneeschuhtrail-300x225.jpg 300w, https:\/\/svsempach.ch\/wp-content\/uploads\/2026\/03\/Quartett-Schneeschuhtrail-768x576.jpg 768w, https:\/\/svsempach.ch\/wp-content\/uploads\/2026\/03\/Quartett-Schneeschuhtrail-1536x1152.jpg 1536w, https:\/\/svsempach.ch\/wp-content\/uploads\/2026\/03\/Quartett-Schneeschuhtrail.jpg 2048w\" sizes=\"auto, (max-width: 706px) 89vw, (max-width: 767px) 82vw, 740px\" \/><figcaption class=\"wp-element-caption\">SV Sempach auf dem Schneeschuhtrail mit dem Ziel Sch\u00f6nb\u00fcel im Hintergrund<\/figcaption><\/figure>\n<\/figure>\n\n\n\n<h2 class=\"wp-block-heading\"><strong>Vereinsausflug ins Glarnerland vom 13.9.-14.9.25<\/strong><\/h2>\n\n\n\n<figure class=\"wp-block-image size-large\"><a href=\"\/?page_id=1670\"><img loading=\"lazy\" decoding=\"async\" width=\"1024\" height=\"768\" src=\"https:\/\/svsempach.ch\/wp-content\/uploads\/2025\/09\/WhatsApp-Image-2025-09-14-at-22.04.05-1024x768.jpeg\" alt=\"\" class=\"wp-image-1650\" srcset=\"https:\/\/svsempach.ch\/wp-content\/uploads\/2025\/09\/WhatsApp-Image-2025-09-14-at-22.04.05-1024x768.jpeg 1024w, https:\/\/svsempach.ch\/wp-content\/uploads\/2025\/09\/WhatsApp-Image-2025-09-14-at-22.04.05-300x225.jpeg 300w, https:\/\/svsempach.ch\/wp-content\/uploads\/2025\/09\/WhatsApp-Image-2025-09-14-at-22.04.05-768x576.jpeg 768w, https:\/\/svsempach.ch\/wp-content\/uploads\/2025\/09\/WhatsApp-Image-2025-09-14-at-22.04.05-1536x1152.jpeg 1536w, https:\/\/svsempach.ch\/wp-content\/uploads\/2025\/09\/WhatsApp-Image-2025-09-14-at-22.04.05.jpeg 2048w\" sizes=\"auto, (max-width: 706px) 89vw, (max-width: 767px) 82vw, 740px\" \/><\/a><figcaption class=\"wp-element-caption\"><strong><a href=\"https:\/\/svsempach.ch\/?page_id=1658\" data-type=\"page\" data-id=\"1658\">Die SV Sempach Frauen genossen die frische Bergluft im Glarnerland<\/a><\/strong><\/figcaption><\/figure>\n\n\n\n<p><\/p>\n\n\n\n<div class=\"wp-block-group is-style-default\"><div class=\"wp-block-group__inner-container is-layout-flow wp-block-group-is-layout-flow\">\n<h2 class=\"wp-block-heading\">Kontakt<\/h2>\n\n\n\n<p>Sportverein Sempach<br>Ir\u00e8ne Felder<br>Sonnmatt 2<br>6204 Sempach<\/p>\n\n\n\n<p>  <a href=\"mailto:praesidentin@svsempach.ch\">praesidentin@svsempach.ch<\/a><br><br><\/p>\n<\/div><\/div>\n\n\n\n<div class=\"wp-block-file\"><a id=\"wp-block-file--media-3c6cd4ef-7c1c-432e-8188-e5ed79669515\" href=\"http:\/\/svsempach.ch\/wp-content\/uploads\/2023\/11\/Datenschutzerklaerung-Sportverein-Sempach.docx\">Datenschutzerklaerung-Sportverein-Sempach<\/a><a href=\"http:\/\/svsempach.ch\/wp-content\/uploads\/2023\/11\/Datenschutzerklaerung-Sportverein-Sempach.docx\" class=\"wp-block-file__button wp-element-button\" download aria-describedby=\"wp-block-file--media-3c6cd4ef-7c1c-432e-8188-e5ed79669515\">Herunterladen<\/a><\/div>\n\n\n\n<div class=\"wp-block-columns is-layout-flex wp-container-core-columns-is-layout-9d6595d7 wp-block-columns-is-layout-flex\"><\/div>\n","protected":false},"excerpt":{"rendered":"<p>SCHNUPPERTAGE in unseren diversen Kinderturnangeboten &#x1f938;&#x1f938;&#x200d;&#x2642;&#xfe0f;&#x1f938;&#x200d;&#x2640;&#xfe0f; Muki16.6.26 und 23.6.26Am DienstagTurnhalle FelseneggVon 08.50-09.50 Uhr Kitulino:15.6.26 und 22.6.26Am MontagTurnhalle TormattVon 16.15-17.15 Uhr Kitu16.6.26 und 23.6.26Am DienstagTurnhalle TormattVon 16.15-17.15 Uhr Kids-Ger\u00e4teturnen15.6.26 und 22.6.26Am MontagTurnhalle FelseneggVon 16.15-17.15 Uhr Anmelden unter :turnen-kinder@svsempach.ch &#x1f938;&#x200d;&#x2642;&#xfe0f;&#x1f938; LEITER:INNEN gesucht &#8211; Kinderturnen &#x1f938;&#x200d;&#x2640;&#xfe0f;&#x1f938;&#x200d;&#x2642;&#xfe0f; Unser Leiterteam sucht Verst\u00e4rkung f\u00fcr die Bereiche Muki, Kitulino, KiTu und Ger\u00e4te-Kids. &hellip; <\/p>\n<p class=\"link-more\"><a href=\"https:\/\/svsempach.ch\/\" class=\"more-link\"><span class=\"screen-reader-text\">\u201eHerzlich Willkommen beim Sportverein Sempach\u201c <\/span>weiterlesen<\/a><\/p>\n","protected":false},"author":1,"featured_media":0,"parent":0,"menu_order":0,"comment_status":"closed","ping_status":"closed","template":"","meta":{"ngg_post_thumbnail":0,"footnotes":""},"class_list":["post-14","page","type-page","status-publish","hentry"],"_links":{"self":[{"href":"https:\/\/svsempach.ch\/index.php?rest_route=\/wp\/v2\/pages\/14","targetHints":{"allow":["GET"]}}],"collection":[{"href":"https:\/\/svsempach.ch\/index.php?rest_route=\/wp\/v2\/pages"}],"about":[{"href":"https:\/\/svsempach.ch\/index.php?rest_route=\/wp\/v2\/types\/page"}],"author":[{"embeddable":true,"href":"https:\/\/svsempach.ch\/index.php?rest_route=\/wp\/v2\/users\/1"}],"replies":[{"embeddable":true,"href":"https:\/\/svsempach.ch\/index.php?rest_route=%2Fwp%2Fv2%2Fcomments&post=14"}],"version-history":[{"count":255,"href":"https:\/\/svsempach.ch\/index.php?rest_route=\/wp\/v2\/pages\/14\/revisions"}],"predecessor-version":[{"id":1836,"href":"https:\/\/svsempach.ch\/index.php?rest_route=\/wp\/v2\/pages\/14\/revisions\/1836"}],"wp:attachment":[{"href":"https:\/\/svsempach.ch\/index.php?rest_route=%2Fwp%2Fv2%2Fmedia&parent=14"}],"curies":[{"name":"wp","href":"https:\/\/api.w.org\/{rel}","templated":true}]}}